{"id":5820,"date":"2019-03-08T16:57:08","date_gmt":"2019-03-09T02:57:08","guid":{"rendered":"http:\/\/www.lyceesamuelraapoto.com\/?page_id=5820"},"modified":"2026-02-26T08:27:27","modified_gmt":"2026-02-26T18:27:27","slug":"informations-diverses","status":"publish","type":"page","link":"https:\/\/www.lyceesamuelraapoto.com\/?page_id=5820","title":{"rendered":"Pr\u00e9 inscription"},"content":{"rendered":"<p><img fetchpriority=\"high\" decoding=\"async\" src=\"https:\/\/www.lyceesamuelraapoto.com\/wp-content\/uploads\/2019\/03\/inscription.jpg\" alt=\"inscription\" width=\"261\" height=\"193\"><\/p>\n<p>Pour conna\u00eetre en quelques mots les diff\u00e9rentes dates cl\u00e9s ainsi que les montants \u00e0 verser,&nbsp;<\/p>\n<p>Le flyer du LSR est disponible d\u00e8s \u00e0 pr\u00e9sent pour t\u00e9l\u00e9chargement :&nbsp;<\/p>\n<p>&nbsp;<\/p>\n\n\n<div data-wp-interactive=\"core\/file\" class=\"wp-block-file\"><object data-wp-bind--hidden=\"!state.hasPdfPreview\" hidden class=\"wp-block-file__embed\" data=\"https:\/\/www.lyceesamuelraapoto.com\/wp-content\/uploads\/2023\/03\/FLYER-LSR-2023-2024.pdf\" type=\"application\/pdf\" style=\"width:100%;height:600px\" aria-label=\"Contenu embarqu\u00e9 FLYER-LSR-2023-2024.\"><\/object><a id=\"wp-block-file--media-a4f7b7bc-c0e9-43da-a2bb-690f9a64e220\" href=\"https:\/\/www.lyceesamuelraapoto.com\/wp-content\/uploads\/2023\/03\/FLYER-LSR-2023-2024.pdf\">FLYER-LSR-2023-2024<\/a><a href=\"https:\/\/www.lyceesamuelraapoto.com\/wp-content\/uploads\/2023\/03\/FLYER-LSR-2023-2024.pdf\" class=\"wp-block-file__button wp-element-button\" download aria-describedby=\"wp-block-file--media-a4f7b7bc-c0e9-43da-a2bb-690f9a64e220\">T\u00e9l\u00e9charger<\/a><\/div>\n\n\n\n<div data-wp-interactive=\"core\/file\" class=\"wp-block-file\"><object data-wp-bind--hidden=\"!state.hasPdfPreview\" hidden class=\"wp-block-file__embed\" data=\"https:\/\/www.lyceesamuelraapoto.com\/wp-content\/uploads\/2026\/02\/Formulaire-PRE-INSCRIPTION-2026-2027.pdf\" type=\"application\/pdf\" style=\"width:100%;height:600px\" aria-label=\"Contenu embarqu\u00e9 Formulaire PR\u00c9-INSCRIPTION 2026-2027.\"><\/object><a id=\"wp-block-file--media-35e95cea-5c3e-47d4-a40d-36a5028ce91f\" href=\"https:\/\/www.lyceesamuelraapoto.com\/wp-content\/uploads\/2026\/02\/Formulaire-PRE-INSCRIPTION-2026-2027.pdf\">Formulaire PR\u00c9-INSCRIPTION 2026-2027<\/a><a href=\"https:\/\/www.lyceesamuelraapoto.com\/wp-content\/uploads\/2026\/02\/Formulaire-PRE-INSCRIPTION-2026-2027.pdf\" class=\"wp-block-file__button wp-element-button\" download aria-describedby=\"wp-block-file--media-35e95cea-5c3e-47d4-a40d-36a5028ce91f\">T\u00e9l\u00e9charger<\/a><\/div>\n\n\n\n<p>Mise \u00e0 jour : 26 f\u00e9vrier 2026<\/p>\n","protected":false},"excerpt":{"rendered":"<p>Pour conna\u00eetre en quelques mots les diff\u00e9rentes dates cl\u00e9s ainsi que les montants \u00e0 verser,&nbsp; Le flyer du LSR est disponible d\u00e8s \u00e0 pr\u00e9sent pour t\u00e9l\u00e9chargement :&nbsp; &nbsp; Mise \u00e0 jour : 26 f\u00e9vrier 2026<\/p>\n","protected":false},"author":3,"featured_media":0,"parent":0,"menu_order":0,"comment_status":"closed","ping_status":"open","template":"","meta":{"ngg_post_thumbnail":0,"_mc_calendar":[],"footnotes":""},"class_list":["post-5820","page","type-page","status-publish","hentry"],"_links":{"self":[{"href":"https:\/\/www.lyceesamuelraapoto.com\/index.php?rest_route=\/wp\/v2\/pages\/5820","targetHints":{"allow":["GET"]}}],"collection":[{"href":"https:\/\/www.lyceesamuelraapoto.com\/index.php?rest_route=\/wp\/v2\/pages"}],"about":[{"href":"https:\/\/www.lyceesamuelraapoto.com\/index.php?rest_route=\/wp\/v2\/types\/page"}],"author":[{"embeddable":true,"href":"https:\/\/www.lyceesamuelraapoto.com\/index.php?rest_route=\/wp\/v2\/users\/3"}],"replies":[{"embeddable":true,"href":"https:\/\/www.lyceesamuelraapoto.com\/index.php?rest_route=%2Fwp%2Fv2%2Fcomments&post=5820"}],"version-history":[{"count":0,"href":"https:\/\/www.lyceesamuelraapoto.com\/index.php?rest_route=\/wp\/v2\/pages\/5820\/revisions"}],"wp:attachment":[{"href":"https:\/\/www.lyceesamuelraapoto.com\/index.php?rest_route=%2Fwp%2Fv2%2Fmedia&parent=5820"}],"curies":[{"name":"wp","href":"https:\/\/api.w.org\/{rel}","templated":true}]}}