{"id":4980,"date":"2016-01-30T16:29:55","date_gmt":"2016-01-31T02:29:55","guid":{"rendered":"http:\/\/www.lyceesamuelraapoto.com\/?page_id=4980"},"modified":"2024-05-23T11:08:47","modified_gmt":"2024-05-23T21:08:47","slug":"bac-stmg-sciences-et-technologies-du-management-et-de-la-gestion","status":"publish","type":"page","link":"https:\/\/www.lyceesamuelraapoto.com\/?page_id=4980","title":{"rendered":"Bac STMG (sciences et technologies du management et de la gestion)"},"content":{"rendered":"<p>Avec le bac STMG, vous aurez toutes les cl\u00e9s pour comprendre l&rsquo;organisation et le fonctionnement des entreprises.<\/p>\n<p>&nbsp;<\/p>\n<h2><span style=\"text-decoration: underline;\">Pour qui ?<\/span><\/h2>\n<p>&nbsp;<\/p>\n<p>Ce bac s&rsquo;adresse aux \u00e9l\u00e8ves int\u00e9ress\u00e9s par la r\u00e9alit\u00e9 du fonctionnement des organisations, les relations au travail, les nouveaux usages du num\u00e9rique, le marketing, la recherche et la mesure de la performance, l&rsquo;analyse des d\u00e9cisions et l&rsquo;impact des strat\u00e9gies d&rsquo;entreprise.<\/p>\n<p>&nbsp;<\/p>\n<p><em>\u00c0 noter : l&rsquo;importance de l&rsquo;enseignement g\u00e9n\u00e9ral, pour la ma\u00eetrise de l&rsquo;expression \u00e9crite et orale, en fran\u00e7ais et en langues vivantes \u00e9trang\u00e8res, les apports culturels de l&rsquo;histoire-g\u00e9ographie et l&rsquo;appui d&rsquo;un enseignement adapt\u00e9 de math\u00e9matiques.<\/em><\/p>\n<h2>&nbsp;<\/h2>\n<h2><span style=\"text-decoration: underline;\">Au programme<\/span><\/h2>\n<p>&nbsp;<\/p>\n<p>Ce bac aborde les grandes questions de la gestion des organisations, par exemple : le r\u00f4le du facteur humain, les diff\u00e9rentes approches de la valeur, l\u2019information et la communication bases de l\u2019intelligence collective, etc.<\/p>\n<p>&nbsp;<\/p>\n<p><strong>Il comprend :<\/strong><\/p>\n<p>&nbsp;<\/p>\n<ul>\n<li>un <strong>p\u00f4le technologique<\/strong> commun en 1<sup>\u00e8re<\/sup> et en lien avec la sp\u00e9cialit\u00e9 choisie en terminale<\/li>\n<li>un <strong>p\u00f4le g\u00e9n\u00e9ral<\/strong> (fran\u00e7ais, maths, langues, histoire-g\u00e9ographie, philosophie et EPS)<\/li>\n<li>un <strong>p\u00f4le \u00e9conomie-droit et management des organisations<\/strong>.<\/li>\n<\/ul>\n<p>&nbsp;<\/p>\n<p>Ce dernier p\u00f4le, articul\u00e9 avec le p\u00f4le technologique, donne les rep\u00e8res et les outils d&rsquo;analyse et d&rsquo;interpr\u00e9tation des logiques de fonctionnement des entreprises, des administrations, des associations.<\/p>\n<p>Observation du fonctionnement, mesure et analyse des r\u00e9sultats avant leur interpr\u00e9tation et la pr\u00e9paration de d\u00e9cisions sont mis en \u0153uvre dans des situations r\u00e9elles ou simul\u00e9es.<\/p>\n<h3>&nbsp;<\/h3>\n<p>&nbsp;<\/p>\n<p><strong>Sans oublier, en 1<sup>\u00e8re<\/sup> et en terminale :<\/strong><\/p>\n<p>&#8211; pour tous les \u00e9l\u00e8ves, 2 h hebdomadaires d<strong>\u2019accompagnement personnalis\u00e9<\/strong> (soutien et approfondissement scolaires ; aide \u00e0 l\u2019orientation)<\/p>\n<p>&#8211; deux <strong>enseignements facultatifs<\/strong> (au maximum) au choix dont seuls les points sup\u00e9rieurs \u00e0 10\/20 seront pris en compte \u00e0 l\u2019examen du bac.<\/p>\n<p>&nbsp;<\/p>\n<h2>&nbsp;<\/h2>\n<h2><span style=\"text-decoration: underline;\">Les sp\u00e9cialit\u00e9s en terminale<\/span><\/h2>\n<h3><span style=\"color: #ff6600;\">Gestion et finance<\/span><\/h3>\n<h3><span style=\"color: #ff6600;\">Ressources humaines et communication<\/span><\/h3>\n<h3><span style=\"color: #ff6600;\">Marketing (mercatique)<\/span><\/h3>\n<h2>Enseignement optionnel :&nbsp;<\/h2>\n<p><strong><span style=\"color: #ff6600;\">L\u2019enseignement optionnel de droit et grands enjeux du monde contemporain<\/span><\/strong><\/p>\n<p>&nbsp;Les \u00e9l\u00e8ves de Terminale de la voie g\u00e9n\u00e9rale et technologique &nbsp;peuvent suivre un enseignement optionnel de droit et grands enjeux du monde contemporain (DGEMC, 3 heures par semaine).<\/p>\n<p><strong>Pourquoi choisir cet enseignement ? <\/strong><\/p>\n<ul>\n<li>Pour d\u00e9couvrir le droit Ses instruments, ses sources, son vocabulaire, son r\u00f4le social, son internationalisation, la m\u00e9thode du raisonnement juridique, l\u2019organisation judiciaire, etc<\/li>\n<\/ul>\n<p>. \u2022 Pour r\u00e9fl\u00e9chir avec une d\u00e9marche originale aux grands enjeux du monde actuel Cet enseignement permet d\u2019aborder les grands enjeux du monde contemporain d\u2019une mani\u00e8re nouvelle et \u00e9clairante : l\u2019angle juridique. L\u2019animal est-il une personne ou une chose ? Un f\u0153tus est-il un sujet de droit ? Les CV anonymes luttent-ils efficacement contre les discriminations ? Quels sont les droits de l\u2019enfant ? Peuton choisir les conditions de sa mort ? Faut-il restituer les \u0153uvres d\u2019art pill\u00e9es lors de la colonisation aux pays d\u2019origine ? Quelles difficult\u00e9s juridiques seraient soulev\u00e9es par les voitures sans conducteurs en cas d\u2019accident ?<\/p>\n<ul>\n<li>Pour d\u00e9couvrir les m\u00e9tiers du droit. En France, 170 000 professionnels travaillent dans le domaine du droit et de la justice. Les \u00e9tudes de droit offrent des d\u00e9bouch\u00e9s tr\u00e8s nombreux et divers. Elles permettent de se pr\u00e9parer aux professions de juge, magistrat, avocat, assistant juridique, greffier, notaire, huissier de justice, etc.<\/li>\n<li>Pour pr\u00e9parer des \u00e9tudes de droit, de sciences politiques et des Sciences Po Dans le cadre d\u2019une concurrence accrue des candidatures sur le logiciel Parcoursup, avoir suivi une option de droit appuie de mani\u00e8re tr\u00e8s nette votre dossier pour des universit\u00e9s de droit, de sciences politiques et des parcours s\u00e9lectifs (de grandes \u00e9coles comme Sciences Po par exemple).<\/li>\n<\/ul>\n<p><strong>Comment est-il \u00e9valu\u00e9 ? <\/strong><\/p>\n<p>Cet enseignement ne donne pas lieu \u00e0 une \u00e9preuve \u00e9crite mais des \u00e9valuations tout au long de l\u2019ann\u00e9e : revue de presse, mise en sc\u00e8ne de proc\u00e8s, pr\u00e9sentation d\u2019un ou plusieurs grands d\u00e9bats\u2026<\/p>\n<p><strong>Quelles comp\u00e9tences cet enseignement vous permettra-t-il d\u2019acqu\u00e9rir et de d\u00e9velopper ? <\/strong><\/p>\n<ul>\n<li>L\u2019esprit critique n\u00e9cessaire \u00e0 l\u2019exercice de la citoyennet\u00e9.<\/li>\n<li>La rigueur n\u00e9cessaire \u00e0 l\u2019expression d\u2019une pens\u00e9e \u00e9clair\u00e9e.<\/li>\n<li>La curiosit\u00e9 intellectuelle et l\u2019esprit d\u2019ouverture.<\/li>\n<\/ul>\n<p>&nbsp;<\/p>\n<p>Pour toutes informations contacter Mme LILIN, enseignante de DGEMC au lyc\u00e9e Samuel Raapoto<\/p>\n<p>&nbsp;<\/p>\n<p>&nbsp;<\/p>\n<h2><span style=\"text-decoration: underline;\">Poursuites d&rsquo;\u00e9tudes<\/span><\/h2>\n<p>&nbsp;<\/p>\n<p>Si la majorit\u00e9 d&rsquo;entre vous se tourne vers des <a href=\"http:\/\/www.onisep.fr\/Choisir-mes-etudes\/Apres-le-bac\/Filieres-d-etudes\/Les-BTS-BTSA\">BTS<\/a> ou des <a href=\"http:\/\/www.onisep.fr\/Choisir-mes-etudes\/Apres-le-bac\/Filieres-d-etudes\/Les-DUT\">DUT<\/a>, vous \u00eates de plus en plus nombreux \u00e0 vous engager vers les classes pr\u00e9paratoires aux grandes \u00e9coles (CPGE) adapt\u00e9es au parcours STMG.<\/p>\n<p>&nbsp;<\/p>\n<ul>\n<li>Ainsi, la CPGE <a href=\"http:\/\/www.onisep.fr\/Choisir-mes-etudes\/Apres-le-bac\/Filieres-d-etudes\/Les-classes-preparatoires-aux-grandes-ecoles-CPGE\/Les-prepas-economiques-et-commerciales\"><strong>\u00e9conomique et commerciale technologique <\/strong><\/a>(ECT) est ouverte aux bacheliers des 4 sp\u00e9cialit\u00e9s. Elle pr\u00e9pare en 2 ans, avec une grande r\u00e9ussite, aux concours d&rsquo;entr\u00e9e des \u00e9coles sup\u00e9rieures de commerce et de management (3 ans d&rsquo;\u00e9tudes) qui d\u00e9livrent des dipl\u00f4mes permettant d&rsquo;acc\u00e9der aux m\u00e9tiers de l&rsquo;encadrement.<\/li>\n<\/ul>\n<ul>\n<li>Les classes <strong>dipl\u00f4me de comptabilit\u00e9 et de gestion <\/strong>(DCG) sont plut\u00f4t r\u00e9serv\u00e9es aux bacheliers des sp\u00e9cialit\u00e9s \u00ab\u00a0gestion et finance\u00a0\u00bb et \u00ab\u00a0syst\u00e8mes d&rsquo;information de gestion\u00a0\u00bb.<\/li>\n<\/ul>\n<p>&nbsp;<\/p>\n<p>Le choix de la sp\u00e9cialit\u00e9 en Terminale orientera vos d\u00e9cisions pour les diff\u00e9rents <strong>BTS<\/strong> ou <strong>DUT<\/strong>.<\/p>\n<p>&nbsp;<\/p>\n<p>Par exemple, vous pourrez vous orienter :<\/p>\n<ul>\n<li>&nbsp;apr\u00e8s la sp\u00e9cialit\u00e9 marketing, vers un <a href=\"http:\/\/www.onisep.fr\/Ressources\/Univers-Formation\/Formations\/Post-bac\/BTS-Management-des-unites-commerciales\">BTS management des unit\u00e9s commerciales<\/a> (MUC), <a href=\"http:\/\/www.onisep.fr\/Ressources\/Univers-Formation\/Formations\/Post-bac\/BTS-Negociation-et-relation-client\">BTS n\u00e9gociation relation clients<\/a> (NRC) ;<\/li>\n<li>apr\u00e8s la sp\u00e9cialit\u00e9 gestion et finance, vers un <a href=\"http:\/\/www.onisep.fr\/Ressources\/Univers-Formation\/Formations\/Post-bac\/BTS-Comptabilite-et-gestion-des-organisations\">BTS comptabilit\u00e9 et gestion des organisation<\/a> (CGO) ;<\/li>\n<li>apr\u00e8s la sp\u00e9cialit\u00e9 syst\u00e8mes d\u2019information de gestion, de pr\u00e9f\u00e9rence vers un BTS services informatiques aux organisations (SIO) <a href=\"http:\/\/www.onisep.fr\/Ressources\/Univers-Formation\/Formations\/Post-bac\/BTS-Services-informatiques-aux-organisations-option-A-solutions-d-infrastructure-systemes-et-reseaux\">option A<\/a> ou <a href=\"http:\/\/www.onisep.fr\/Ressources\/Univers-Formation\/Formations\/Post-bac\/BTS-Services-informatiques-aux-organisations-option-B-solutions-logicielles-et-applications-metiers\">option B<\/a> ;<\/li>\n<li>apr\u00e8s la sp\u00e9cialit\u00e9 ressources humaines et communication, vers un <a href=\"http:\/\/www.onisep.fr\/Ressources\/Univers-Formation\/Formations\/Post-bac\/BTS-Assistant-de-manager\">BTS assistant de manager<\/a> (AM).<\/li>\n<\/ul>\n<p>&nbsp;<\/p>\n<p>&nbsp;<\/p>\n<p>Vous \u00eates nombreux \u00e0 poursuivre apr\u00e8s le BTS ou le DUT, soit en <a href=\"http:\/\/www.onisep.fr\/Choisir-mes-etudes\/Apres-le-bac\/Filieres-d-etudes\/Les-licences-professionnelles\">licence pro<\/a>, soit vers des grandes \u00e9coles ou des masters, directement par concours ou apr\u00e8s une ann\u00e9e sp\u00e9ciale de <a href=\"http:\/\/www.onisep.fr\/Choisir-mes-etudes\/Apres-le-bac\/Filieres-d-etudes\/Les-classes-preparatoires-aux-grandes-ecoles-CPGE\/Detail-des-filieres\/Les-prepas-ATS-et-post-BTSA-BTS-DUT\">CPGE (ATS)<\/a>.<\/p>\n<p>&nbsp;<\/p>\n<p>L&rsquo;<strong>universit\u00e9<\/strong> est choisie par 22 % d&rsquo;entre vous, dans les cursus <a href=\"http:\/\/www.onisep.fr\/Choisir-mes-etudes\/Apres-le-bac\/Filieres-d-etudes\/Les-licences-generales-a-l-universite\/Les-licences-d-economie-et-de-gestion\">d&rsquo;AES ou d&rsquo;\u00e9conomie-gestion<\/a>. Mais, attention, les \u00e9tudes universitaires demandent beaucoup d&rsquo;autonomie dans l&rsquo;organisation de son travail personnel, une solide culture g\u00e9n\u00e9rale et une grande implication dans son projet sur toute la dur\u00e9e du cursus.<\/p>\n<p>&nbsp;<\/p>\n<p>Les <strong>\u00e9coles sp\u00e9cialis\u00e9es<\/strong> (en commerce, gestion et comptabilit\u00e9, mais aussi dans le <a href=\"http:\/\/www.onisep.fr\/Choisir-mes-etudes\/Apres-le-bac\/Domaines-d-etudes\/Les-ecoles-du-paramedical\">param\u00e9dical <\/a>et le <a href=\"http:\/\/www.onisep.fr\/Choisir-mes-etudes\/Apres-le-bac\/Domaines-d-etudes\/Les-ecoles-du-social\">social<\/a>) vous sont \u00e9galement accessibles. Compter 3 \u00e0 5 ans d\u2019\u00e9tudes.<\/p>\n<h2>&nbsp;<\/h2>\n<h2>&nbsp;<span style=\"text-decoration: underline;\">Perspectives professionnelles<\/span><\/h2>\n<h3>&nbsp;<\/h3>\n<h3>Insertion \u00e0 bac+2 ou bac+5<\/h3>\n<p>&nbsp;<\/p>\n<p>Le bac STMG pr\u00e9pare \u00e0 des poursuites d&rsquo;\u00e9tudes larges pour une insertion professionnelle rapide (bac + 2) ou plus longue (bac + 5) dans les champs d&rsquo;activit\u00e9 de la gestion : finance et contr\u00f4le de gestion, syst\u00e8mes d&rsquo;information, ressources humaines, marketing, communication.<\/p>\n<p><strong>Avec un bac + 2<\/strong>, on peut occuper un poste d\u2019assistant de direction, d\u2019assistant de gestion en PME-PMI, de responsable d\u2019unit\u00e9 commerciale, de d\u00e9veloppeur d\u2019applications ou de technicien r\u00e9seau\u2026<\/p>\n<p><strong>Avec un bac + 5<\/strong>, un poste de charg\u00e9 de client\u00e8le banque, chef de produit marketing, d\u2019analyste financier, de chef de projet, d\u2019administrateur r\u00e9seau&#8230;<\/p>\n<p>&nbsp;<\/p>\n<h3>&nbsp;<\/h3>\n<h3>Secteurs d&rsquo;activit\u00e9s et postes tr\u00e8s vari\u00e9s<\/h3>\n<p>&nbsp;<\/p>\n<p>De nombreux secteurs d&rsquo;activit\u00e9 peuvent \u00eatre envisag\u00e9s : <a href=\"http:\/\/www.onisep.fr\/Decouvrir-les-metiers\/Des-metiers-par-secteur\/Banque-et-assurance-la-garantie-d-un-emploi\">banque, assurance<\/a>, professions immobili\u00e8res, <a href=\"http:\/\/www.onisep.fr\/Decouvrir-les-metiers\/Des-metiers-par-secteur\/Commerce-et-distribution-un-marche-de-l-emploi-dynamique\">grande distribution<\/a>, conseils et services num\u00e9riques, mais aussi l&rsquo;industrie, l&rsquo; <a href=\"http:\/\/www.onisep.fr\/Decouvrir-les-metiers\/Des-metiers-par-secteur\/Audit-conseil-comptabilite-indispensables-aux-entreprises\">expertise comptable<\/a>, l&rsquo;<a href=\"http:\/\/www.onisep.fr\/Decouvrir-les-metiers\/Des-metiers-par-secteur\/Enseignement-des-places-a-prendre\">enseignement<\/a>, etc.<\/p>\n<p>La <a href=\"http:\/\/www.onisep.fr\/Decouvrir-les-metiers\/Des-metiers-par-secteur\/Fonction-publique-une-grande-diversite-de-metiers\">fonction publique<\/a> constitue aussi un d\u00e9bouch\u00e9 non n\u00e9gligeable : concours de contr\u00f4leur (des imp\u00f4ts, des douanes, du travail ou du Tr\u00e9sor), de secr\u00e9taire administratif, de r\u00e9dacteur territorial\u2026<\/p>\n","protected":false},"excerpt":{"rendered":"<p>Avec le bac STMG, vous aurez toutes les cl\u00e9s pour comprendre l&rsquo;organisation et le fonctionnement des entreprises. &nbsp; Pour qui ? &nbsp; Ce bac s&rsquo;adresse aux \u00e9l\u00e8ves int\u00e9ress\u00e9s par la r\u00e9alit\u00e9 du fonctionnement des organisations, les relations au travail, les nouveaux usages du num\u00e9rique, le marketing, la recherche et la mesure de la performance, l&rsquo;analyse [&hellip;]<\/p>\n","protected":false},"author":3,"featured_media":0,"parent":0,"menu_order":0,"comment_status":"closed","ping_status":"closed","template":"","meta":{"ngg_post_thumbnail":0,"_mc_calendar":[],"footnotes":""},"class_list":["post-4980","page","type-page","status-publish","hentry"],"_links":{"self":[{"href":"https:\/\/www.lyceesamuelraapoto.com\/index.php?rest_route=\/wp\/v2\/pages\/4980","targetHints":{"allow":["GET"]}}],"collection":[{"href":"https:\/\/www.lyceesamuelraapoto.com\/index.php?rest_route=\/wp\/v2\/pages"}],"about":[{"href":"https:\/\/www.lyceesamuelraapoto.com\/index.php?rest_route=\/wp\/v2\/types\/page"}],"author":[{"embeddable":true,"href":"https:\/\/www.lyceesamuelraapoto.com\/index.php?rest_route=\/wp\/v2\/users\/3"}],"replies":[{"embeddable":true,"href":"https:\/\/www.lyceesamuelraapoto.com\/index.php?rest_route=%2Fwp%2Fv2%2Fcomments&post=4980"}],"version-history":[{"count":0,"href":"https:\/\/www.lyceesamuelraapoto.com\/index.php?rest_route=\/wp\/v2\/pages\/4980\/revisions"}],"wp:attachment":[{"href":"https:\/\/www.lyceesamuelraapoto.com\/index.php?rest_route=%2Fwp%2Fv2%2Fmedia&parent=4980"}],"curies":[{"name":"wp","href":"https:\/\/api.w.org\/{rel}","templated":true}]}}